{"id":546,"date":"2019-09-11T13:45:05","date_gmt":"2019-09-11T13:45:05","guid":{"rendered":"http:\/\/ambiente.filarete.it\/about\/"},"modified":"2021-09-16T09:41:39","modified_gmt":"2021-09-16T09:41:39","slug":"chi-siamo","status":"publish","type":"page","link":"https:\/\/www.italianpromise.it\/it\/chi-siamo\/","title":{"rendered":"Chi siamo"},"content":{"rendered":"<p>Trasformiamo in realt\u00e0 il sogno di una seconda casa in Italia. Non siamo intermediari. Italian Promise \u00e8 un&#8217;esclusiva societ\u00e0 di sviluppo immobiliare boutique, con un team di gestori patrimoniali, architetti, ingegneri, avvocati e consulenti fiscali che svilupperanno un&#8217;esperienza immobiliare su misura per ogni singolo cliente.<\/p>\n","protected":false},"excerpt":{"rendered":"<p>Trasformiamo in realt\u00e0 il sogno di una seconda casa in Italia. Non siamo intermediari. Italian Promise \u00e8 un&#8217;esclusiva societ\u00e0 di sviluppo immobiliare boutique, con un team di gestori patrimoniali, architetti, ingegneri, avvocati e consulenti fiscali che svilupperanno un&#8217;esperienza immobiliare su misura per ogni singolo cliente.<\/p>\n","protected":false},"author":1,"featured_media":434,"parent":0,"menu_order":0,"comment_status":"closed","ping_status":"closed","template":"","meta":[],"acf":[],"yoast_head":"<!-- This site is optimized with the Yoast SEO plugin v17.1 - https:\/\/yoast.com\/wordpress\/plugins\/seo\/ -->\n<title>Chi siamo - Italian Promise<\/title>\n<meta name=\"description\" content=\"Un team di gestori patrimoniali, architetti, ingegneri, avvocati e consulenti fiscali. Trasformiamo in realt\u00e0 il sogno di una seconda casa.\" \/>\n<meta name=\"robots\" content=\"index, follow, max-snippet:-1, max-image-preview:large, max-video-preview:-1\" \/>\n<link rel=\"canonical\" href=\"https:\/\/www.italianpromise.it\/it\/chi-siamo\/\" \/>\n<meta property=\"og:locale\" content=\"it_IT\" \/>\n<meta property=\"og:type\" content=\"article\" \/>\n<meta property=\"og:title\" content=\"Chi siamo - Italian Promise\" \/>\n<meta property=\"og:description\" content=\"Un team di gestori patrimoniali, architetti, ingegneri, avvocati e consulenti fiscali. Trasformiamo in realt\u00e0 il sogno di una seconda casa.\" \/>\n<meta property=\"og:url\" content=\"https:\/\/www.italianpromise.it\/it\/chi-siamo\/\" \/>\n<meta property=\"og:site_name\" content=\"Italian Promise\" \/>\n<meta property=\"article:modified_time\" content=\"2021-09-16T09:41:39+00:00\" \/>\n<meta property=\"og:image\" content=\"https:\/\/www.italianpromise.it\/wp-content\/uploads\/2020\/07\/01_Villa-2_esterno.jpg\" \/>\n\t<meta property=\"og:image:width\" content=\"1600\" \/>\n\t<meta property=\"og:image:height\" content=\"1000\" \/>\n<meta name=\"twitter:card\" content=\"summary_large_image\" \/>\n<script type=\"application\/ld+json\" class=\"yoast-schema-graph\">{\"@context\":\"https:\/\/schema.org\",\"@graph\":[{\"@type\":\"WebSite\",\"@id\":\"https:\/\/www.italianpromise.it\/#website\",\"url\":\"https:\/\/www.italianpromise.it\/\",\"name\":\"Italian Promise\",\"description\":\"\",\"potentialAction\":[{\"@type\":\"SearchAction\",\"target\":{\"@type\":\"EntryPoint\",\"urlTemplate\":\"https:\/\/www.italianpromise.it\/?s={search_term_string}\"},\"query-input\":\"required name=search_term_string\"}],\"inLanguage\":\"it-IT\"},{\"@type\":\"ImageObject\",\"@id\":\"https:\/\/www.italianpromise.it\/it\/chi-siamo\/#primaryimage\",\"inLanguage\":\"it-IT\",\"url\":\"https:\/\/www.italianpromise.it\/wp-content\/uploads\/2020\/07\/01_Villa-2_esterno.jpg\",\"contentUrl\":\"https:\/\/www.italianpromise.it\/wp-content\/uploads\/2020\/07\/01_Villa-2_esterno.jpg\",\"width\":1600,\"height\":1000},{\"@type\":\"WebPage\",\"@id\":\"https:\/\/www.italianpromise.it\/it\/chi-siamo\/#webpage\",\"url\":\"https:\/\/www.italianpromise.it\/it\/chi-siamo\/\",\"name\":\"Chi siamo - Italian Promise\",\"isPartOf\":{\"@id\":\"https:\/\/www.italianpromise.it\/#website\"},\"primaryImageOfPage\":{\"@id\":\"https:\/\/www.italianpromise.it\/it\/chi-siamo\/#primaryimage\"},\"datePublished\":\"2019-09-11T13:45:05+00:00\",\"dateModified\":\"2021-09-16T09:41:39+00:00\",\"description\":\"Un team di gestori patrimoniali, architetti, ingegneri, avvocati e consulenti fiscali. Trasformiamo in realt\\u00e0 il sogno di una seconda casa.\",\"breadcrumb\":{\"@id\":\"https:\/\/www.italianpromise.it\/it\/chi-siamo\/#breadcrumb\"},\"inLanguage\":\"it-IT\",\"potentialAction\":[{\"@type\":\"ReadAction\",\"target\":[\"https:\/\/www.italianpromise.it\/it\/chi-siamo\/\"]}]},{\"@type\":\"BreadcrumbList\",\"@id\":\"https:\/\/www.italianpromise.it\/it\/chi-siamo\/#breadcrumb\",\"itemListElement\":[{\"@type\":\"ListItem\",\"position\":1,\"name\":\"Home\",\"item\":\"https:\/\/www.italianpromise.it\/it\/\"},{\"@type\":\"ListItem\",\"position\":2,\"name\":\"Chi siamo\"}]}]}<\/script>\n<!-- \/ Yoast SEO plugin. -->","yoast_head_json":{"title":"Chi siamo - Italian Promise","description":"Un team di gestori patrimoniali, architetti, ingegneri, avvocati e consulenti fiscali. Trasformiamo in realt\u00e0 il sogno di una seconda casa.","robots":{"index":"index","follow":"follow","max-snippet":"max-snippet:-1","max-image-preview":"max-image-preview:large","max-video-preview":"max-video-preview:-1"},"canonical":"https:\/\/www.italianpromise.it\/it\/chi-siamo\/","og_locale":"it_IT","og_type":"article","og_title":"Chi siamo - Italian Promise","og_description":"Un team di gestori patrimoniali, architetti, ingegneri, avvocati e consulenti fiscali. Trasformiamo in realt\u00e0 il sogno di una seconda casa.","og_url":"https:\/\/www.italianpromise.it\/it\/chi-siamo\/","og_site_name":"Italian Promise","article_modified_time":"2021-09-16T09:41:39+00:00","og_image":[{"width":1600,"height":1000,"url":"https:\/\/www.italianpromise.it\/wp-content\/uploads\/2020\/07\/01_Villa-2_esterno.jpg","path":"\/var\/www\/vhosts\/italianpromise.it\/httpdocs\/wp-content\/uploads\/2020\/07\/01_Villa-2_esterno.jpg","size":"full","id":434,"alt":"","pixels":1600000,"type":"image\/jpeg"}],"twitter_card":"summary_large_image","schema":{"@context":"https:\/\/schema.org","@graph":[{"@type":"WebSite","@id":"https:\/\/www.italianpromise.it\/#website","url":"https:\/\/www.italianpromise.it\/","name":"Italian Promise","description":"","potentialAction":[{"@type":"SearchAction","target":{"@type":"EntryPoint","urlTemplate":"https:\/\/www.italianpromise.it\/?s={search_term_string}"},"query-input":"required name=search_term_string"}],"inLanguage":"it-IT"},{"@type":"ImageObject","@id":"https:\/\/www.italianpromise.it\/it\/chi-siamo\/#primaryimage","inLanguage":"it-IT","url":"https:\/\/www.italianpromise.it\/wp-content\/uploads\/2020\/07\/01_Villa-2_esterno.jpg","contentUrl":"https:\/\/www.italianpromise.it\/wp-content\/uploads\/2020\/07\/01_Villa-2_esterno.jpg","width":1600,"height":1000},{"@type":"WebPage","@id":"https:\/\/www.italianpromise.it\/it\/chi-siamo\/#webpage","url":"https:\/\/www.italianpromise.it\/it\/chi-siamo\/","name":"Chi siamo - Italian Promise","isPartOf":{"@id":"https:\/\/www.italianpromise.it\/#website"},"primaryImageOfPage":{"@id":"https:\/\/www.italianpromise.it\/it\/chi-siamo\/#primaryimage"},"datePublished":"2019-09-11T13:45:05+00:00","dateModified":"2021-09-16T09:41:39+00:00","description":"Un team di gestori patrimoniali, architetti, ingegneri, avvocati e consulenti fiscali. Trasformiamo in realt\u00e0 il sogno di una seconda casa.","breadcrumb":{"@id":"https:\/\/www.italianpromise.it\/it\/chi-siamo\/#breadcrumb"},"inLanguage":"it-IT","potentialAction":[{"@type":"ReadAction","target":["https:\/\/www.italianpromise.it\/it\/chi-siamo\/"]}]},{"@type":"BreadcrumbList","@id":"https:\/\/www.italianpromise.it\/it\/chi-siamo\/#breadcrumb","itemListElement":[{"@type":"ListItem","position":1,"name":"Home","item":"https:\/\/www.italianpromise.it\/it\/"},{"@type":"ListItem","position":2,"name":"Chi siamo"}]}]}},"_links":{"self":[{"href":"https:\/\/www.italianpromise.it\/it\/wp-json\/wp\/v2\/pages\/546"}],"collection":[{"href":"https:\/\/www.italianpromise.it\/it\/wp-json\/wp\/v2\/pages"}],"about":[{"href":"https:\/\/www.italianpromise.it\/it\/wp-json\/wp\/v2\/types\/page"}],"author":[{"embeddable":true,"href":"https:\/\/www.italianpromise.it\/it\/wp-json\/wp\/v2\/users\/1"}],"replies":[{"embeddable":true,"href":"https:\/\/www.italianpromise.it\/it\/wp-json\/wp\/v2\/comments?post=546"}],"version-history":[{"count":13,"href":"https:\/\/www.italianpromise.it\/it\/wp-json\/wp\/v2\/pages\/546\/revisions"}],"predecessor-version":[{"id":624,"href":"https:\/\/www.italianpromise.it\/it\/wp-json\/wp\/v2\/pages\/546\/revisions\/624"}],"wp:featuredmedia":[{"embeddable":true,"href":"https:\/\/www.italianpromise.it\/it\/wp-json\/wp\/v2\/media\/434"}],"wp:attachment":[{"href":"https:\/\/www.italianpromise.it\/it\/wp-json\/wp\/v2\/media?parent=546"}],"curies":[{"name":"wp","href":"https:\/\/api.w.org\/{rel}","templated":true}]}}